{"id":37,"date":"2021-04-27T12:34:08","date_gmt":"2021-04-27T15:34:08","guid":{"rendered":"https:\/\/www.supremocimento.com.br\/sustentabilidade\/?page_id=37"},"modified":"2023-04-28T10:32:27","modified_gmt":"2023-04-28T13:32:27","slug":"home","status":"publish","type":"page","link":"https:\/\/www.supremocimento.com.br\/ecoar\/","title":{"rendered":"Home"},"content":{"rendered":"<p>[vc_row full_width=&#8221;stretch_row&#8221; content_placement=&#8221;middle&#8221; el_class=&#8221;pe_topo&#8221;][vc_column][vc_single_image image=&#8221;8&#8243; img_size=&#8221;full&#8221; alignment=&#8221;center&#8221; el_class=&#8221;pe_logo&#8221;][vc_column_text el_class=&#8221;pe_slogan&#8221;]<\/p>\n<h1 style=\"text-align: center;\">Projeto de Educa\u00e7\u00e3o Ambiental<\/h1>\n<p>[\/vc_column_text][vc_raw_html el_class=&#8221;pe_only-desktop&#8221;]JTNDZGl2JTIwY2xhc3MlM0QlMjJwZV9tb3VzZS1hbmltJTIyJTNFJTBBJTIwJTIwJTNDYSUyMGhyZWYlM0QlMjIlMjNjb25oZWNhJTIyJTNFJTNDaW1nJTIwY2xhc3MlM0QlMjJwZV9tb3VzZSUyMiUyMHNyYyUzRCUyMiUyRmVjb2FyJTJGd3AtY29udGVudCUyRnVwbG9hZHMlMkYyMDIxJTJGMDQlMkZtb3VzZS5zdmclMjIlMjAlMkYlM0UlM0MlMkZhJTNFJTBBJTIwJTIwJTNDYSUyMGhyZWYlM0QlMjIlMjNjb25oZWNhJTIyJTNFJTNDaW1nJTIwY2xhc3MlM0QlMjJwZV9hcnJvdyUyMiUyMHNyYyUzRCUyMiUyRmVjb2FyJTJGd3AtY29udGVudCUyRnVwbG9hZHMlMkYyMDIxJTJGMDQlMkZhcnJvdy1kb3duLnN2ZyUyMiUyMCUyRiUzRSUzQyUyRmElM0UlMEElM0MlMkZkaXYlM0U=[\/vc_raw_html][vc_raw_html el_class=&#8221;pe_only-mobile&#8221;]JTNDZGl2JTIwY2xhc3MlM0QlMjJwZV9oYW5kLWFuaW0lMjIlM0UlMEElMjAlMjAlM0NhJTIwaHJlZiUzRCUyMiUyM2NvbmhlY2ElMjIlM0UlM0NpbWclMjBjbGFzcyUzRCUyMnBlX2hhbmQlMjIlMjBzcmMlM0QlMjIlMkZlY29hciUyRndwLWNvbnRlbnQlMkZ1cGxvYWRzJTJGMjAyMSUyRjA0JTJGaGFuZC5zdmclMjIlMjAlMkYlM0UlM0MlMkZhJTNFJTBBJTNDJTJGZGl2JTNF[\/vc_raw_html][\/vc_column][\/vc_row][vc_row full_width=&#8221;stretch_row&#8221; el_class=&#8221;pe_cont-pad-large&#8221; css=&#8221;.vc_custom_1682630408894{background-color: #ebebeb !important;}&#8221; el_id=&#8221;conheca&#8221;][vc_column el_class=&#8221;pe_dots-left pe_dots-white&#8221;][vc_column_text el_class=&#8221;pe_title pe_title-green&#8221;]<\/p>\n<h2 style=\"text-align: center;\">Conhe\u00e7a o Projeto<\/h2>\n<p>[\/vc_column_text][vc_empty_space height=&#8221;60px&#8221;][vc_row_inner][vc_column_inner width=&#8221;1\/3&#8243;][vc_single_image image=&#8221;15&#8243; img_size=&#8221;full&#8221; alignment=&#8221;center&#8221; css=&#8221;.vc_custom_1619553721786{margin-bottom: 20px !important;}&#8221;][vc_column_text]<\/p>\n<h3 style=\"text-align: center;\"><strong><span style=\"color: #236522;\">O que \u00e9?<\/span><\/strong><\/h3>\n<p style=\"text-align: center;\"><strong>Uma s\u00e9rie de atividades<br \/>\n<\/strong><strong>educativas sobre o patrim\u00f4nio<br \/>\ncultural, em especial arqueol\u00f3gico e<br \/>\nespeleol\u00f3gico (cavernas).<\/strong><\/p>\n<p>[\/vc_column_text][vc_empty_space el_class=&#8221;pe_only-mobile&#8221;][\/vc_column_inner][vc_column_inner width=&#8221;1\/3&#8243;][vc_single_image image=&#8221;16&#8243; img_size=&#8221;full&#8221; alignment=&#8221;center&#8221; css=&#8221;.vc_custom_1619553844370{margin-bottom: 20px !important;}&#8221;][vc_column_text]<\/p>\n<h3 style=\"text-align: center;\"><strong><span style=\"color: #236522;\">Qual o objetivo?<\/span><\/strong><\/h3>\n<p style=\"text-align: center;\"><strong>Divulgar e promover a valoriza\u00e7\u00e3o do<br \/>\npatrim\u00f4nio ambiental local e formar<br \/>\nmultiplicadores que fa\u00e7am esse<br \/>\nconhecimento ecoar na regi\u00e3o.<\/strong><\/p>\n<p>[\/vc_column_text][vc_empty_space el_class=&#8221;pe_only-mobile&#8221;][\/vc_column_inner][vc_column_inner width=&#8221;1\/3&#8243;][vc_single_image image=&#8221;17&#8243; img_size=&#8221;full&#8221; alignment=&#8221;center&#8221; css=&#8221;.vc_custom_1619553874566{margin-bottom: 20px !important;}&#8221;][vc_column_text]<\/p>\n<h3 style=\"text-align: center;\"><strong><span style=\"color: #236522;\">Quem pode participar?<\/span><\/strong><\/h3>\n<p style=\"text-align: center;\"><strong>Estudantes de 4\u00ba e 5\u00ba anos e<br \/>\nprofessores do ensino p\u00fablico<br \/>\nmunicipal de Adrian\u00f3polis.<\/strong><\/p>\n<p>[\/vc_column_text][\/vc_column_inner][\/vc_row_inner][\/vc_column][\/vc_row][vc_row full_width=&#8221;stretch_row&#8221; css=&#8221;.vc_custom_1681849273706{background-color: #b1d652 !important;}&#8221;][vc_column][vc_empty_space height=&#8221;60px&#8221;][vc_column_text el_class=&#8221;pe_title pe_title-green&#8221;]<\/p>\n<h2 style=\"text-align: center;\">Conhe\u00e7a nossas atividades<\/h2>\n<p>[\/vc_column_text][vc_empty_space height=&#8221;60px&#8221;][vc_row_inner][vc_column_inner el_class=&#8221;center&#8221; width=&#8221;1\/2&#8243;][vc_single_image image=&#8221;370&#8243; img_size=&#8221;full&#8221; alignment=&#8221;center&#8221; css=&#8221;.vc_custom_1682028367116{margin-bottom: 20px !important;}&#8221;][vc_column_text]<\/p>\n<h3 style=\"text-align: center;\"><strong><span style=\"color: #236522;\">CURSO DE CAPACITA\u00c7\u00c3O<br \/>\nDE PROFESSORES<\/span><\/strong><\/h3>\n<p style=\"text-align: center; font-weight: bold; color: #000;\">Conhe\u00e7a os detalhes e a import\u00e2ncia do curso.<\/p>\n<p>[\/vc_column_text][vc_empty_space height=&#8221;52px&#8221; el_class=&#8221;pe_only-mobile&#8221;][vc_raw_html]JTNDYSUyMGNsYXNzJTNEJTIyYnRuX3NhaWJhLW1haXMlMjIlMjBocmVmJTNEJTIyJTIzY3Vyc28tY2FwYWNpZGFjYW8lMjIlM0VTYWliYSUyMG1haXMlM0MlMkZhJTNF[\/vc_raw_html][vc_empty_space el_class=&#8221;pe_only-mobile&#8221;][\/vc_column_inner][vc_column_inner el_class=&#8221;center&#8221; width=&#8221;1\/2&#8243;][vc_single_image image=&#8221;371&#8243; img_size=&#8221;full&#8221; alignment=&#8221;center&#8221; css=&#8221;.vc_custom_1682028378125{margin-bottom: 20px !important;}&#8221;][vc_column_text]<\/p>\n<h3 style=\"text-align: center;\"><strong><span style=\"color: #236522;\">ATIVIDADES COM<br \/>\nOS ESTUDANTES<\/span><\/strong><\/h3>\n<p style=\"text-align: center; font-weight: bold; color: #000;\">Preserva\u00e7\u00e3o e valoriza\u00e7\u00e3o do patrim\u00f4nio local.<\/p>\n<p>[\/vc_column_text][vc_empty_space height=&#8221;52px&#8221; el_class=&#8221;pe_only-mobile&#8221;][vc_raw_html]JTNDYSUyMGNsYXNzJTNEJTIyYnRuX3NhaWJhLW1haXMlMjIlMjBocmVmJTNEJTIyJTIzYXRpdmlkYWRlcyUyMiUzRVNhaWJhJTIwbWFpcyUzQyUyRmElM0U=[\/vc_raw_html][\/vc_column_inner][\/vc_row_inner][vc_row_inner][vc_column_inner][vc_empty_space height=&#8221;60px&#8221;][\/vc_column_inner][\/vc_row_inner][\/vc_column][\/vc_row][vc_row el_id=&#8221;curso-capacidacao&#8221;][vc_column][vc_empty_space height=&#8221;60px&#8221;][vc_column_text el_class=&#8221;pe_title pe_title-green&#8221;]<\/p>\n<h2 style=\"text-align: center;\">Curso de capacita\u00e7\u00e3o de professores<\/h2>\n<h4 style=\"text-align: center;\"><strong><span style=\"color: #236522;\">Realizado em 2021<\/span><\/strong><\/h4>\n<p>[\/vc_column_text][vc_empty_space height=&#8221;60px&#8221;][vc_tta_accordion spacing=&#8221;10&#8243; c_position=&#8221;right&#8221; active_section=&#8221;1&#8243; collapsible_all=&#8221;true&#8221;][vc_tta_section title=&#8221;Sobre o curso:&#8221; tab_id=&#8221;1681850504731-2ecaa655-b2a4&#8243;][vc_column_text]<\/p>\n<p>Realizado durante todo o ano de 2021, o curso de capacita\u00e7\u00e3o de professores, cujo p\u00fablico foram os professores do ensino p\u00fablico municipal de Adrian\u00f3polis\/PR, teve por objetivo promover a valoriza\u00e7\u00e3o do patrim\u00f4nio arqueol\u00f3gico e espeleol\u00f3gico local, atrav\u00e9s da forma\u00e7\u00e3o de professores multiplicadores de educa\u00e7\u00e3o ambiental. As atividades aconteceram de forma online e presencial, em parceria com a Secretaria Municipal de Educa\u00e7\u00e3o, totalizando 76 horas\/aula. Durante as aulas online, foram apresentados conceitos de patrim\u00f4nio arqueol\u00f3gico e espeleol\u00f3gico a partir da metodologia de projetos, enquanto as aulas presenciais foram pr\u00e1ticas, com Oficina de Cer\u00e2mica e Oficina de Produ\u00e7\u00e3o de Plano de Aula para Educa\u00e7\u00e3o Patrimonial.<\/p>\n<p>[\/vc_column_text][\/vc_tta_section][vc_tta_section title=&#8221;Aulas Online e Presenciais:&#8221; tab_id=&#8221;1681850504756-c1f73996-58e6&#8243;][vc_images_carousel images=&#8221;388,389,390&#8243; img_size=&#8221;full&#8221; onclick=&#8221;link_no&#8221; el_class=&#8221;center&#8221;][\/vc_tta_section][vc_tta_section title=&#8221;Material Did\u00e1tico:&#8221; tab_id=&#8221;1681850638496-5f549393-e436&#8243;][vc_column_text]<\/p>\n<p>Produzido em conjunto com os professores do ensino fundamental p\u00fablico municipal de Adrian\u00f3polis\/PR, por meio de metodologia ativa, durante o curso de capacita\u00e7\u00e3o, o material did\u00e1tico tem por conte\u00fado informa\u00e7\u00f5es a respeito dos s\u00edtios arqueol\u00f3gicos e do patrim\u00f4nio espeleol\u00f3gico (cavernas) de Adrian\u00f3polis, al\u00e9m de atividades did\u00e1ticas para aplica\u00e7\u00e3o em sala de aula, as quais foram indicadas pelos professores da rede p\u00fablica de ensino.<\/p>\n<p><strong>Conte\u00fado:<\/strong><\/p>\n<ul>\n<li>S\u00edtios Arqueol\u00f3gicos de Adrian\u00f3polis<\/li>\n<li>Cavernas de Adrian\u00f3polis<\/li>\n<li>Atividades did\u00e1ticas para aplica\u00e7\u00e3o em sala de aula indicadas pelos professores da rede p\u00fablica de ensino<\/li>\n<\/ul>\n<p><a class=\"btn_saiba-mais\" href=\"https:\/\/www.supremocimento.com.br\/ecoar\/wp-content\/uploads\/2023\/04\/Caderno_Didatico_Ecoar_Digital_Final.pdf\" target=\"_blank\" rel=\"noopener\">Baixar arquivo<\/a><\/p>\n<p>[\/vc_column_text][\/vc_tta_section][vc_tta_section title=&#8221;Patrim\u00f4nio Cultural:&#8221; tab_id=&#8221;1681914078102-18d6b4aa-8760&#8243;][vc_column_text]Deseja saber mais sobre Patrim\u00f4nio Cultural?<\/p>\n<p><a class=\"btn_saiba-mais\" href=\"https:\/\/www.espacoarqueologia.com.br\/educacao-patrimonial\/\" target=\"_blank\" rel=\"noopener\">Acesse o site<\/a>[\/vc_column_text][\/vc_tta_section][\/vc_tta_accordion][\/vc_column][\/vc_row][vc_row el_id=&#8221;atividades&#8221;][vc_column][vc_empty_space height=&#8221;60px&#8221;][vc_column_text el_class=&#8221;pe_title pe_title-green&#8221;]<\/p>\n<h2 style=\"text-align: center;\">Atividades com os estudantes<\/h2>\n<h4 style=\"text-align: center;\"><strong><span style=\"color: #236522;\">Per\u00edodo de realiza\u00e7\u00e3o: 2021 a 2025<\/span><\/strong><\/h4>\n<p>[\/vc_column_text][vc_empty_space height=&#8221;60px&#8221;][vc_row_inner el_id=&#8221;row-atividades&#8221;][vc_column_inner][vc_column_text]<\/p>\n<p>Com o objetivo de promover a valoriza\u00e7\u00e3o do patrim\u00f4nio arqueol\u00f3gico e espeleol\u00f3gico local atrav\u00e9s da educa\u00e7\u00e3o ambiental, as atividades (oficinas, aulas presenciais e materiais online) com os alunos do Projeto ECOAR iniciaram em 2021 e tem previs\u00e3o de acontecer at\u00e9 2025. O p\u00fablico-alvo dessa fase do Projeto s\u00e3o os estudantes dos 4\u00ba e 5\u00ba anos do ensino fundamental p\u00fablico de Adrian\u00f3polis. At\u00e9 o momento, j\u00e1 foram desenvolvidas Oficina de Cer\u00e2mica, Oficina de Arte Rupestre e Oficina de Sensibiliza\u00e7\u00e3o Sobre a Import\u00e2ncia da Preserva\u00e7\u00e3o dos Recursos H\u00eddricos, al\u00e9m de aulas presenciais e disponibiliza\u00e7\u00e3o de materiais online sobre os temas.<\/p>\n<p>[\/vc_column_text][vc_empty_space height=&#8221;30px&#8221;][vc_single_image image=&#8221;391&#8243; img_size=&#8221;full&#8221; alignment=&#8221;center&#8221;][\/vc_column_inner][\/vc_row_inner][vc_empty_space height=&#8221;60px&#8221;][\/vc_column][\/vc_row][vc_row full_width=&#8221;stretch_row&#8221; css=&#8221;.vc_custom_1681914418463{background-color: #d9d9d9 !important;}&#8221;][vc_column][vc_empty_space height=&#8221;60px&#8221;][vc_column_text el_class=&#8221;pe_title pe_title-green&#8221;]<\/p>\n<h2 style=\"text-align: center;\">Voc\u00ea sabia?<\/h2>\n<h5 style=\"text-align: center;\"><strong><span style=\"color: #236522;\">Clique e descubra informa\u00e7\u00f5es e curiosidades sobre o<br \/>\nProjeto Ecoar e os patrim\u00f4nios arqueol\u00f3gico e espeleol\u00f3gico!<\/span><\/strong><\/h5>\n<p>[\/vc_column_text][vc_empty_space height=&#8221;60px&#8221;][vc_row_inner css=&#8221;.vc_custom_1681914731992{background-color: #ebebeb !important;}&#8221; el_id=&#8221;div-voce_sabia&#8221;][vc_column_inner][vc_empty_space height=&#8221;30px&#8221;][vc_raw_html]JTNDZGl2JTIwY2xhc3MlM0QlMjJjYXJvdXNlbCUyMHZvY2Utc2FiaWElMjIlM0UlMEElMjAlMjAlM0NkaXYlM0UlM0NkaXYlMjBjbGFzcyUzRCUyMnRleHRvJTIyJTNFJTNDcCUzRSUwQURpYSUyMDA1JTIwZGUlMjBqdW5obyUyMCVDMyVBOSUyMG8lMjBkaWElMjBNdW5kaWFsJTIwZG8lMjBNZWlvJTIwQW1iaWVudGUuJTIwRWxlJTIwZm9pJTIwaW5zdGl0dSVDMyVBRGRvJTIwZW0lMjAxOTcyJTJDJTIwcGVsYXMlMjBOYSVDMyVBNyVDMyVCNWVzJTJDJTIwY29tbyUyMGZvcm1hJTIwZGUlMjBjaGFtYXIlMjBhdGVuJUMzJUE3JUMzJUEzbyUyMHBhcmElMjBhJTIwaW1wb3J0JUMzJUEybmNpYSUyMGRhJTIwcHJlc2VydmElQzMlQTclQzMlQTNvJTIwZG9zJTIwcmVjdXJzb3MlMjBuYXR1cmFpcyUyMHBhcmElMjBxdWUlMjBhcyUyMHByJUMzJUIzeGltYXMlMjBnZXJhJUMzJUE3JUMzJUI1ZXMlMjB0YW1iJUMzJUE5bSUyMHBvc3NhbSUyMHVzdWZydWlyJTIwZG8lMjBtZWlvJTIwYW1iaWVudGUuJTIwTyUyMHByb2pldG8lMjBFY29hciUyMGJ1c2NhJTIwdmFsb3JpemFyJTIwbyUyMHBhdHJpbSVDMyVCNG5pbyUyMGFtYmllbnRhbCUyMHJlZ2lvbmFsJTJDJTIwcG9yJTIwbWVpbyUyMGRlJTIwYSVDMyVBNyVDMyVCNWVzJTIwZWR1Y2F0aXZhcy4lMjBWYW1vcyUyMGZhemVyJTIwZXNzYSUyMG1lbnNhZ2VtJTIwZWNvYXIlMjElM0MlMkZwJTNFJTBBJTNDaW1nJTIwc3JjJTNEJTIyaHR0cHMlM0ElMkYlMkZ3d3cuc3VwcmVtb2NpbWVudG8uY29tLmJyJTJGZWNvYXIlMkZ3cC1jb250ZW50JTJGdXBsb2FkcyUyRjIwMjMlMkYwNCUyRjE2Nzg5MDU3MTRfM2ZiMTIwXzI2X3ZvY2Vfc2FiaWFfZXNwYWNvX2FycXVlb2xvZ2lhLTEtMS5wbmclMjIlM0UlMEElM0MlMkZkaXYlM0UlM0MlMkZkaXYlM0UlMEElMjAlMjAlM0NkaXYlM0UlM0NkaXYlMjBjbGFzcyUzRCUyMnRleHRvJTIyJTNFJTNDcCUzRSUwQVF1ZSUyMG8lMjBwYXRyaW0lQzMlQjRuaW8lMjBhbWJpZW50YWwlMjAlQzMlQTklMjBjb21wbGV4byUyMGUlMjBlbnZvbHZlJTIwb3MlMjBtZWlvcyUyMGYlQzMlQURzaWNvJTJDJTIwYmklQzMlQjN0aWNvJTIwZSUyMHNvY2lvZWNvbiVDMyVCNG1pY28uJTIwRGVudHJlJTIwb3MlMjBwYXRyaW0lQzMlQjRuaW9zJTIwYW1iaWVudGFpcyUyMHRlbW9zJTIwbyUyMHBhdHJpbSVDMyVCNG5pbyUyMGFycXVlb2wlQzMlQjNnaWNvJTIwZSUyMG8lMjBwYXRyaW0lQzMlQjRuaW8lMjBlc3BlbGVvbCVDMyVCM2dpY28uJTIwTyUyMHBhdHJpbSVDMyVCNG5pbyUyMGFycXVlb2wlQzMlQjNnaWNvJTIwZ3VhcmRhJTIwYSUyMGhpc3QlQzMlQjNyaWElMjBlJTIwZGVzZW52b2x2aW1lbnRvJTIwZGUlMjBkaWZlcmVudGVzJTIwY3VsdHVyYXMlMkMlMjBjYWRhJTIwcXVhbCUyMGNvbSUyMHN1YXMlMjB0ZWNub2xvZ2lhcyUyMGUlMjBtYXRlcmlhaXMuJTIwRSUyMG8lMjBwYXRyaW0lQzMlQjRuaW8lMjBlc3BlbGVvbCVDMyVCM2dpY28lMjBndWFyZGElMjB1bWElMjByaWNhJTIwZGl2ZXJzaWRhZGUlMjBhbWJpZW50YWwlMkMlMjBpbmNsdWluZG8lMjBvcyUyMG1haW9yZXMlMjBlJTIwbWFpcyUyMHBvdCVDMyVBMXZlaXMlMjByZXNlcnZhdCVDMyVCM3Jpb3MlMjBkZSUyMCVDMyVBMWd1YSUyMGRvJTIwbXVuZG8uJTNDJTJGcCUzRSUwQSUzQ2ltZyUyMHNyYyUzRCUyMmh0dHBzJTNBJTJGJTJGd3d3LnN1cHJlbW9jaW1lbnRvLmNvbS5iciUyRmVjb2FyJTJGd3AtY29udGVudCUyRnVwbG9hZHMlMkYyMDIzJTJGMDQlMkYxNjc4OTA1NzAxXzQ4MTQyOF8yM192b2NlX3NhYmlhX2NhdmVybmFjb3V0by0yLnBuZyUyMiUzRSUzQyUyRmRpdiUzRSUzQyUyRmRpdiUzRSUwQSUzQ2RpdiUzRSUzQ2RpdiUyMGNsYXNzJTNEJTIydGV4dG8lMjIlM0UlM0NwJTNFJTBBUXVlJTIwY2F2ZXJuYXMlMjBzJUMzJUEzbyUyMHVtJTIwY29tcGxleG8lMjBzaXN0ZW1hJTIwZGUlMjBiZWxlemElMjBjJUMzJUFBbmljYSUyMCVDMyVBRG1wYXIlMkMlMjBvbmRlJTIwYSUyMGElQzMlQTclQzMlQTNvJTIwZGElMjAlQzMlQTFndWElMkMlMjBlbSUyMGFsZ3VtJTIwbW9tZW50byUyMGRvJTIwdGVtcG8lMjBnZW9sJUMzJUIzZ2ljbyUyQyUyMGRpc3NvbHZldSUyMGElMjByb2NoYSUyMG1hdHJpei4lMjBObyUyMEJyYXNpbCUyMHRlbW9zJTIwMjEuODAyJTIwY2F2ZXJuYXMlMjBjYXRhbG9nYWRhcyUyMGUlMjBlc3RpbWEtc2UlMjBxdWUlMjBlc3NlJTIwbiVDMyVCQW1lcm8lMjByZXByZXNlbnRhJTIwYXBlbmFzJTIwY2VyY2ElMjBkZSUyMDYlMjUlMjBkYXMlMjBjYXZlcm5hcyUyMGJyYXNpbGVpcmFzLiUzQyUyRnAlM0UlMEElM0NpbWclMjBzcmMlM0QlMjJodHRwcyUzQSUyRiUyRnd3dy5zdXByZW1vY2ltZW50by5jb20uYnIlMkZlY29hciUyRndwLWNvbnRlbnQlMkZ1cGxvYWRzJTJGMjAyMyUyRjA0JTJGMTY3ODkwNTcwM18yYzJkZDBfMjVfdm9jZV9zYWJpYV9jYXZlcm5hZG9fZGlhYm8tMi5wbmclMjIlM0UlM0MlMkZkaXYlM0UlM0MlMkZkaXYlM0UlMEElMjAlM0NkaXYlM0UlM0NkaXYlMjBjbGFzcyUzRCUyMnRleHRvJTIyJTNFJTNDcCUzRSUwQVF1ZSUyMHMlQzMlQUR0aW9zJTIwYXJxdWVvbCVDMyVCM2dpY29zJTIwcyVDMyVBM28lMjBsb2NhaXMlMjBvbmRlJTIwZW5jb250cmFtb3MlMjB2ZXN0JUMzJUFEZ2lvcyUyMGRlJTIwb2N1cGElQzMlQTclQzMlQTNvJTIwaHVtYW5hJTIwcHJldCVDMyVBOXJpdGElM0YlMjBFJTIwcXVlJTIwdG9kb3MlMjBvcyUyMHMlQzMlQUR0aW9zJTIwYXJxdWVvbCVDMyVCM2dpY29zJTIwZG8lMjBCcmFzaWwlMjBzJUMzJUEzbyUyMHBhdHJpbSVDMyVCNG5pbyUyMGRhJTIwVW5pJUMzJUEzbyUyQyUyMG1lc21vJTIwYXF1ZWxlcyUyMGFpbmRhJTIwbiVDMyVBM28lMjBlbmNvbnRyYWRvcyUzRiUyME9zJTIwcHJpbmNpcGFpcyUyMHRpcG9zJTIwZGUlMjBzJUMzJUFEdGlvcyUyMGFycXVlb2wlQzMlQjNnaWNvcyUyMHMlQzMlQTNvJTNBJTIwY2VyJUMzJUEybWljbyUyQyUyMGwlQzMlQUR0aWNvJTJDJTIwbGl0b2NlciVDMyVBMm1pY28lMkMlMjBoaXN0JUMzJUIzcmljbyUyQyUyMHN1YmFxdSVDMyVBMXRpY28lMkMlMjBkZSUyMGFydGUlMjBydXBlc3RyZSUyQyUyMGNhc2ElMjBzdWJ0ZXJyJUMzJUEybmVhJTJDJTIwYWJyaWdvLXNvYi1yb2NoYSUyQyUyMHNhbWJhcXVpJTJDJTIwY2Vycml0byUyQyUyMGF0ZXJybyUyMGUlMjBnZSVDMyVCM2dyYWZvLiUzQyUyRnAlM0UlMEElM0NpbWclMjBzcmMlM0QlMjJodHRwcyUzQSUyRiUyRnd3dy5zdXByZW1vY2ltZW50by5jb20uYnIlMkZlY29hciUyRndwLWNvbnRlbnQlMkZ1cGxvYWRzJTJGMjAyMyUyRjA0JTJGMTY3ODkwNTcxMV83OTdjYTZfMjdfdm9jZV9zYWJpYV9jYXZlcm5hX3N1cHJlbW8tMi5wbmclMjIlM0UlM0MlMkZkaXYlM0UlM0MlMkZkaXYlM0UlMEElM0NkaXYlM0UlM0NkaXYlMjBjbGFzcyUzRCUyMnRleHRvJTIyJTNFJTNDcCUzRSUwQVF1ZSUyMGElMjBhcnF1ZW9sb2dpYSUyMHRlbSUyMHVtYSUyMGZvcnRlJTIwY29uZXglQzMlQTNvJTIwY29tJTIwYXMlMjBjYXZlcm5hcyUzRiUyMElzc28lMjBwb3JxdWUlMjBhcyUyMGNhdmVybmFzJTIwcyVDMyVBM28lMjB1bSUyMCVDMyVCM3RpbW8lMjBhbWJpZW50ZSUyMGRlJTIwcHJlc2VydmElQzMlQTclQzMlQTNvJTIwcGFyYSUyMG9zJTIwdmVzdCVDMyVBRGdpb3MlMjBhbnRlcGFzc2Fkb3MlMkMlMjBvJTIwcXVlJTIwcGVybWl0ZSUyMHJldmVsYXIlMjBvcyUyMHVzb3MlMjBkb3MlMjBsb2NhaXMlMjBwYXJhJTIwbW9yYWRpYSUyQyUyMGFicmlnbyUyQyUyMHBpbnR1cmFzJTIwcnVwZXN0cmVzJTJDJTIwY2VtaXQlQzMlQTlyaW8lMjBlJTIwcGFsY28lMjByaXR1YWwlQzMlQURzdGljby4lM0MlMkZwJTNFJTBBJTNDaW1nJTIwc3JjJTNEJTIyaHR0cHMlM0ElMkYlMkZ3d3cuc3VwcmVtb2NpbWVudG8uY29tLmJyJTJGZWNvYXIlMkZ3cC1jb250ZW50JTJGdXBsb2FkcyUyRjIwMjMlMkYwNCUyRjE2Nzg5MDU3MTRfM2ZiMTIwXzI2X3ZvY2Vfc2FiaWFfZXNwYWNvX2FycXVlb2xvZ2lhLTEtMS5wbmclMjIlM0UlM0MlMkZkaXYlM0UlM0MlMkZkaXYlM0UlMEElM0MlMkZkaXYlM0UlMEE=[\/vc_raw_html][\/vc_column_inner][\/vc_row_inner][vc_empty_space height=&#8221;30px&#8221;][vc_column_text]<\/p>\n<h5 style=\"text-align: left;\"><strong><span style=\"color: #236522;\">Curiosidades<\/span><\/strong><\/h5>\n<p>[\/vc_column_text][vc_empty_space height=&#8221;30px&#8221;][vc_row_inner css=&#8221;.vc_custom_1681932728517{border-radius: 10px !important;}&#8221;][vc_column_inner][vc_raw_html]JTNDZGl2JTIwY2xhc3MlM0QlMjJjYXJvdXNlbCUyMGN1cmlvc2lkYWRlcyUyMiUzRSUwQSUyMCUyMCUzQ2RpdiUzRSUzQ2RpdiUyMGNsYXNzJTNEJTIydGV4dG8lMjIlM0UlM0NwJTNFRGVudHJvJTIwZGFzJTIwY2F2ZXJuYXMlMjBleGlzdGVtJTIwYW5pbWFpcyUyMHF1ZSUyMHMlQzMlQjMlMjB2aXZlbSUyMGwlQzMlQTElMjElMjBTJUMzJUEzbyUyMG9zJTIwdHJvZ2wlQzMlQjNiaW9zJTJDJTIwYW5pbWFpcyUyMHF1ZSUyMHNlJTIwYWRhcHRhcmFtJTIwYW8lMjBtZWlvJTIwY2F2ZXJuJUMzJUFEY29sYSUyMGUlMjBuJUMzJUEzbyUyMGNvbnNlZ3VlbSUyMHZpdmVyJTIwZW0lMjBvdXRybyUyMG1laW8uJTIwQSUyMHN1YSUyMG1haW9yaWElMjBhY2Fib3UlMjB0ZW5kbyUyMHN1YSUyMG1lbGFuaW5hJTIwJTI4c3VhJTIwY29yJTI5JTIwZSUyMG9zJTIwJUMzJUIzcmclQzMlQTNvJTIwdmlzdWFpcyUyMHJlZHV6aWRvcy4lMjBTJUMzJUEzbyUyMGFuaW1haXMlMjBjb20lMjBhbHRhJTIwZGl2ZXJzaWRhZGUlMkMlMjBjb25zdGl0dSVDMyVBRGRvcyUyMHByaW5jaXBhbG1lbnRlJTIwZGUlMjBpbnZlcnRlYnJhZG9zJTIwZSUyMHBlaXhlcy4lM0MlMkZwJTNFJTNDJTJGZGl2JTNFJTNDJTJGZGl2JTNFJTBBJTIwJTIwJTNDZGl2JTNFJTNDZGl2JTIwY2xhc3MlM0QlMjJ0ZXh0byUyMiUzRSUzQ3AlM0VBJTIwbWFpb3IlMjBjYXZlcm5hJTIwYnJhc2lsZWlyYSUyQyUyMFRvY2ElMjBkYSUyMEJvYSUyMFZpc3RhJTJDJTIwZW5jb250cmEtc2UlMjBlbnRyZSUyMGFzJTIwMjAlMjBtYWlvcmVzJTIwZG8lMjBtdW5kby4lMjBFbGElMjBwb3NzdWklMjAxMDclMjBxdWlsJUMzJUI0bWV0cm9zJTIwZGUlMjBleHRlbnMlQzMlQTNvJTIwZSUyMGVzdCVDMyVBMSUyMGxvY2FsaXphZGElMjBlbSUyMENhbXBvJTIwRm9ybW9zbyUyRkJBLiUzQyUyRnAlM0UlM0MlMkZkaXYlM0UlM0MlMkZkaXYlM0UlMEElMjAlMjAlM0NkaXYlM0UlM0NkaXYlMjBjbGFzcyUzRCUyMnRleHRvJTIyJTNFJTNDcCUzRUElMjByZWdpJUMzJUEzbyUyMFN1ZGVzdGUlMjAlQzMlQTklMjBhJTIwcXVlJTIwbWFpcyUyMHBvc3N1aSUyMGNhdmVybmFzJTIwY2FkYXN0cmFkYXMlMjBubyUyMEJyYXNpbCUyQyUyMGNvbSUyMGVuZm9xdWUlMjBwYXJhJTIwbyUyMGVzdGFkbyUyMGRlJTIwTWluYXMlMjBHZXJhaXMlMkMlMjBjb20lMjA5Ljk1NCUyQyUyMHNlZ3VpZG8lMjBwZWxvJTIwUGFyJUMzJUExJTJDJTIwY29tJTIwMi44MDUuJTIwUG9yJTIwb3V0cm8lMjBsYWRvJTJDJTIwYSUyMHJlZ2klQzMlQTNvJTIwY29tJTIwYXMlMjBtYWlvcmVzJTIwY2F2ZXJuYXMlMjAlQzMlQTklMjBhJTIwTm9yZGVzdGUlMkMlMjBzZWd1aWRhJTIwcGVsYSUyMENlbnRyby1PZXN0ZSUyMCUyOGNvbSUyMGVuZm9xdWUlMjBwYXJhJTIwb3MlMjBlc3RhZG9zJTIwZGElMjBCYWhpYSUyMGUlMjBkZSUyMEdvaSVDMyVBMXMlMjkuJTNDJTJGcCUzRSUzQyUyRmRpdiUzRSUzQyUyRmRpdiUzRSUwQSUyMCUyMCUzQ2RpdiUzRSUzQ2RpdiUyMGNsYXNzJTNEJTIydGV4dG8lMjIlM0UlM0NwJTNFQXMlMjBjZXIlQzMlQTJtaWNhcyUyMGVuY29udHJhZGFzJTIwbmElMjByZWdpJUMzJUEzbyUyMGRlJTIwQWRyaWFuJUMzJUIzcG9saXMlMkZQUiUyMHMlQzMlQTNvJTIwZGUlMjB0ZWNub2xvZ2lhcyUyMEd1YXJhbmklMjBlJTIwSXRhcmFyJUMzJUE5LiUyMElzc28lMjBpbmRpY2ElMjBxdWUlMkMlMjBkaWZlcmVudGVzJTIwZ3J1cG9zJTJDJTIwZGUlMjBkaWZlcmVudGVzJTIwb3JpZ2VucyUyQyUyMHZpdmVyYW0lMjBubyUyMG1lc21vJTIwbHVnYXIlMjBlbSUyMGRpZmVyZW50ZXMlMjBtb21lbnRvcyUyMSUyMCVDMyU4OSUyMG8lMjBjYXNvJTIwZG8lMjBxdWUlMjBlbmNvbnRyYW1vcyUyMG5vJTIwcyVDMyVBRHRpbyUyMEZveiUyMGRvJTIwQ2FydW1iJUMzJUE5LiUzQyUyRnAlM0UlM0MlMkZkaXYlM0UlM0MlMkZkaXYlM0UlMEElMjAlMjAlM0NkaXYlM0UlM0NkaXYlMjBjbGFzcyUzRCUyMnRleHRvJTIyJTNFJTNDcCUzRU5hJTIwcmVnaSVDMyVBM28lMjBzdWwlMjBkbyUyMHBhJUMzJUFEcyUyQyUyMG9uZGUlMjBhcyUyMHByaW5jaXBhaXMlMjBldG5pYXMlMjBKJUMzJUFBJTIwcyVDMyVBM28lMjBLYWluZ2FuZyUyMGUlMjBYb2tsZW5nJTJDJTIwb3MlMjB2ZXN0JUMzJUFEZ2lvcyUyMGFycXVlb2wlQzMlQjNnaWNvcyUyMHMlQzMlQTNvJTIwY2xhc3NpZmljYWRvcyUyMGNvbW8lMjB0cmFkaSVDMyVBNyVDMyVCNWVzJTIwSXRhcmFyJUMzJUE5JTIwJTI4U0MlMkMlMjBQUiUyMGUlMjBTUCUyOSUyQyUyMFRhcXVhcmElMjAlMjhSUyUyOSUyMG91JTIwQ2FzYSUyMGRlJTIwUGVkcmElMjAlMjhQUiUyOS4lM0MlMkZwJTNFJTNDJTJGZGl2JTNFJTNDJTJGZGl2JTNFJTBBJTNDJTJGZGl2JTNF[\/vc_raw_html][\/vc_column_inner][\/vc_row_inner][vc_empty_space height=&#8221;60px&#8221;][\/vc_column][\/vc_row][vc_row full_width=&#8221;stretch_row&#8221; disable_element=&#8221;yes&#8221; css=&#8221;.vc_custom_1620309234187{background-image: url(https:\/\/www.supremo.local\/ecoar\/wp-content\/uploads\/2021\/04\/wave_white-gray.png?id=25) !important;background-position: 0 0 !important;background-repeat: repeat !important;}&#8221;][vc_column][vc_empty_space height=&#8221;16px&#8221;][\/vc_column][\/vc_row][vc_row full_width=&#8221;stretch_row&#8221; equal_height=&#8221;yes&#8221; content_placement=&#8221;middle&#8221; disable_element=&#8221;yes&#8221; el_class=&#8221;pe_cont-pad-large&#8221; css=&#8221;.vc_custom_1620309239478{background-color: #eeeeee !important;}&#8221;][vc_column width=&#8221;1\/3&#8243;][vc_column_text el_class=&#8221;pe_title pe_title-green&#8221;]<\/p>\n<h2 style=\"text-align: center;\">Blog<\/h2>\n<p>[\/vc_column_text][vc_column_text el_class=&#8221;pe_title pe_title-green&#8221;]<\/p>\n<p style=\"text-align: center;\">lorem ipsum dolor sit amet<\/p>\n<p>[\/vc_column_text][vc_empty_space height=&#8221;30px&#8221;][vc_raw_html]JTNDYSUyMGhyZWYlM0QlMjIlMkZlY29hciUyRmJsb2clMkYlMjIlMjBjbGFzcyUzRCUyMnBlX2J0biUyMHBlX2J0bi1jZW50ZXIlMjIlM0UlMEFWRUpBJTIwTUFJUyUzQyUyRmElM0U=[\/vc_raw_html][\/vc_column][vc_column width=&#8221;2\/3&#8243;][vc_empty_space height=&#8221;60px&#8221; el_class=&#8221;pe_only-mobile&#8221;][vc_row_inner][vc_column_inner width=&#8221;1\/2&#8243;][vc_basic_grid post_type=&#8221;post&#8221; max_items=&#8221;1&#8243; element_width=&#8221;12&#8243; gap=&#8221;0&#8243; item=&#8221;215&#8243; initial_loading_animation=&#8221;none&#8221; grid_id=&#8221;vc_gid:1682688453055-47da8fe2-02d0-7&#8243; el_class=&#8221;pe_home-blog-principal&#8221;][\/vc_column_inner][vc_column_inner width=&#8221;1\/2&#8243;][vc_empty_space height=&#8221;15px&#8221; el_class=&#8221;pe_only-mobile&#8221;][vc_basic_grid post_type=&#8221;post&#8221; max_items=&#8221;2&#8243; element_width=&#8221;12&#8243; gap=&#8221;0&#8243; item=&#8221;216&#8243; initial_loading_animation=&#8221;none&#8221; grid_id=&#8221;vc_gid:1682688453056-68ec741b-003c-1&#8243; el_class=&#8221;pe_home-blog-secundario&#8221; offset=&#8221;1&#8243;][\/vc_column_inner][\/vc_row_inner][\/vc_column][\/vc_row]<\/p>\n","protected":false},"excerpt":{"rendered":"<p>[vc_row full_width=&#8221;stretch_row&#8221; content_placement=&#8221;middle&#8221; el_class=&#8221;pe_topo&#8221;][vc_column][vc_single_image image=&#8221;8&#8243; img_size=&#8221;full&#8221; alignment=&#8221;center&#8221; el_class=&#8221;pe_logo&#8221;][vc_column_text el_class=&#8221;pe_slogan&#8221;] Projeto de Educa\u00e7\u00e3o Ambiental [\/vc_column_text][vc_raw_html el_class=&#8221;pe_only-desktop&#8221;]JTNDZGl2JTIwY2xhc3MlM0QlMjJwZV9tb3VzZS1hbmltJTIyJTNFJTBBJTIwJTIwJTNDYSUyMGhyZWYlM0QlMjIlMjNjb25oZWNhJTIyJTNFJTNDaW1nJTIwY2xhc3MlM0QlMjJwZV9tb3VzZSUyMiUyMHNyYyUzRCUyMiUyRmVjb2FyJTJGd3AtY29udGVudCUyRnVwbG9hZHMlMkYyMDIxJTJGMDQlMkZtb3VzZS5zdmclMjIlMjAlMkYlM0UlM0MlMkZhJTNFJTBBJTIwJTIwJTNDYSUyMGhyZWYlM0QlMjIlMjNjb25oZWNhJTIyJTNFJTNDaW1nJTIwY2xhc3MlM0QlMjJwZV9hcnJvdyUyMiUyMHNyYyUzRCUyMiUyRmVjb2FyJTJGd3AtY29udGVudCUyRnVwbG9hZHMlMkYyMDIxJTJGMDQlMkZhcnJvdy1kb3duLnN2ZyUyMiUyMCUyRiUzRSUzQyUyRmElM0UlMEElM0MlMkZkaXYlM0U=[\/vc_raw_html][vc_raw_html el_class=&#8221;pe_only-mobile&#8221;]JTNDZGl2JTIwY2xhc3MlM0QlMjJwZV9oYW5kLWFuaW0lMjIlM0UlMEElMjAlMjAlM0NhJTIwaHJlZiUzRCUyMiUyM2NvbmhlY2ElMjIlM0UlM0NpbWclMjBjbGFzcyUzRCUyMnBlX2hhbmQlMjIlMjBzcmMlM0QlMjIlMkZlY29hciUyRndwLWNvbnRlbnQlMkZ1cGxvYWRzJTJGMjAyMSUyRjA0JTJGaGFuZC5zdmclMjIlMjAlMkYlM0UlM0MlMkZhJTNFJTBBJTNDJTJGZGl2JTNF[\/vc_raw_html][\/vc_column][\/vc_row][vc_row full_width=&#8221;stretch_row&#8221; el_class=&#8221;pe_cont-pad-large&#8221; css=&#8221;.vc_custom_1682630408894{background-color: #ebebeb !important;}&#8221; el_id=&#8221;conheca&#8221;][vc_column el_class=&#8221;pe_dots-left pe_dots-white&#8221;][vc_column_text el_class=&#8221;pe_title pe_title-green&#8221;] Conhe\u00e7a o Projeto [\/vc_column_text][vc_empty_space height=&#8221;60px&#8221;][vc_row_inner][vc_column_inner width=&#8221;1\/3&#8243;][vc_single_image image=&#8221;15&#8243; img_size=&#8221;full&#8221; alignment=&#8221;center&#8221; css=&#8221;.vc_custom_1619553721786{margin-bottom: 20px !important;}&#8221;][vc_column_text] O que &#8230; <a title=\"Home\" class=\"read-more\" href=\"https:\/\/www.supremocimento.com.br\/ecoar\/\" aria-label=\"More on Home\">Leia mais<\/a><\/p>\n","protected":false},"author":1,"featured_media":0,"parent":0,"menu_order":0,"comment_status":"closed","ping_status":"closed","template":"","meta":{"footnotes":""},"class_list":["post-37","page","type-page","status-publish"],"_links":{"self":[{"href":"https:\/\/www.supremocimento.com.br\/ecoar\/wp-json\/wp\/v2\/pages\/37","targetHints":{"allow":["GET"]}}],"collection":[{"href":"https:\/\/www.supremocimento.com.br\/ecoar\/wp-json\/wp\/v2\/pages"}],"about":[{"href":"https:\/\/www.supremocimento.com.br\/ecoar\/wp-json\/wp\/v2\/types\/page"}],"author":[{"embeddable":true,"href":"https:\/\/www.supremocimento.com.br\/ecoar\/wp-json\/wp\/v2\/users\/1"}],"replies":[{"embeddable":true,"href":"https:\/\/www.supremocimento.com.br\/ecoar\/wp-json\/wp\/v2\/comments?post=37"}],"version-history":[{"count":88,"href":"https:\/\/www.supremocimento.com.br\/ecoar\/wp-json\/wp\/v2\/pages\/37\/revisions"}],"predecessor-version":[{"id":442,"href":"https:\/\/www.supremocimento.com.br\/ecoar\/wp-json\/wp\/v2\/pages\/37\/revisions\/442"}],"wp:attachment":[{"href":"https:\/\/www.supremocimento.com.br\/ecoar\/wp-json\/wp\/v2\/media?parent=37"}],"curies":[{"name":"wp","href":"https:\/\/api.w.org\/{rel}","templated":true}]}}